{"id":17187,"date":"2025-04-18T12:09:47","date_gmt":"2025-04-18T16:09:47","guid":{"rendered":"https:\/\/www.assur360.ca\/insurance-job-offer-form\/"},"modified":"2026-04-06T12:54:30","modified_gmt":"2026-04-06T16:54:30","slug":"insurance-job-offer-form","status":"publish","type":"page","link":"https:\/\/www.assur360.ca\/en\/insurance-job-offer-form\/","title":{"rendered":"Insurance job offer form"},"content":{"rendered":"\n<div style=\"height:93px\" aria-hidden=\"true\" class=\"wp-block-spacer\"><\/div>\n\n<div class='fluentform ff-default fluentform_wrapper_39 ffs_custom_wrap'><form data-form_id=\"39\" id=\"fluentform_39\" class=\"frm-fluent-form fluent_form_39 ff-el-form-top ff_form_instance_39_1 ff-form-loading ff-form-has-steps ffs_custom\" data-form_instance=\"ff_form_instance_39_1\" method=\"POST\" ><fieldset  style=\"border: none!important;margin: 0!important;padding: 0!important;background-color: transparent!important;box-shadow: none!important;outline: none!important; min-inline-size: 100%;\">\n                    <legend class=\"ff_screen_reader_title\" style=\"display: block; margin: 0!important;padding: 0!important;height: 0!important;text-indent: -999999px;width: 0!important;overflow:hidden;\">Formulaire emploi (#15)<\/legend><input type='hidden' name='__fluent_form_embded_post_id' value='17187' \/><input type=\"hidden\" id=\"_fluentform_39_fluentformnonce\" name=\"_fluentform_39_fluentformnonce\" value=\"84bf8941fd\" \/><input type=\"hidden\" name=\"_wp_http_referer\" value=\"\/en\/wp-json\/wp\/v2\/pages\/17187\" \/><div class='ff-step-container' data-name=\"step_start-39_4\" data-disable_auto_focus=\"no\" data-enable_auto_slider=\"no\" data-enable_step_data_persistency=\"no\" data-enable_step_page_resume=\"no\" data-animation_type=\"slide\" ><div class='ff-step-header'><ul class='ff-step-titles'><li class='ff_active'><span><\/span><\/li><li><span><\/span><\/li><li><span><\/span><\/li><li><span><\/span><\/li><\/ul><\/div><span class='ff_step_start'><\/span><div class='ff-step-body'><div class=\"fluentform-step active\" data-name=\"step_start-39_4\" data-disable_auto_focus=\"no\" data-enable_auto_slider=\"no\" data-enable_step_data_persistency=\"no\" data-enable_step_page_resume=\"no\" data-animation_type=\"slide\" ><div data-type=\"name-element\" data-name=\"names\" class=\" ff-field_container ff-name-field-wrapper\" ><div class='ff-t-container'><div class='ff-t-cell '><div class='ff-el-group  ff-el-form-top'><div class=\"ff-el-input--label asterisk-right\"><label for='ff_39_names_first_name_' id='label_ff_39_names_first_name_' >Pr\u00e9nom<\/label><\/div><div class='ff-el-input--content'><input type=\"text\" name=\"names[first_name]\" id=\"ff_39_names_first_name_\" class=\"ff-el-form-control\" placeholder=\"Pr\u00e9nom\" aria-invalid=\"false\" aria-required=false><\/div><\/div><\/div><div class='ff-t-cell '><div class='ff-el-group  ff-el-form-top'><div class=\"ff-el-input--label asterisk-right\"><label for='ff_39_names_last_name_' id='label_ff_39_names_last_name_' >Nom de famille<\/label><\/div><div class='ff-el-input--content'><input type=\"text\" name=\"names[last_name]\" id=\"ff_39_names_last_name_\" class=\"ff-el-form-control\" placeholder=\"Nom de famille\" aria-invalid=\"false\" aria-required=false><\/div><\/div><\/div><\/div><\/div><div class='ff-el-group'><div class=\"ff-el-input--label asterisk-right\"><label   aria-label=\"Emploi cibl\u00e9\">Emploi cibl\u00e9<\/label><\/div><div class='ff-el-input--content'><div class='ff-el-form-check ff-el-form-check-'><label class='ff-el-form-check-label' for='checkbox_5a417dd280645f1740374fc6412f2274'><input  type=\"checkbox\" name=\"checkbox[]\" data-name=\"checkbox\" class=\"ff-el-form-check-input ff-el-form-check-checkbox\" value=\"Courtier assurance des particuliers\"  id='checkbox_5a417dd280645f1740374fc6412f2274' aria-label='Courtier assurance des particuliers' aria-invalid='false' aria-required=false> <span>Courtier assurance des particuliers<\/span><\/label><\/div><div class='ff-el-form-check ff-el-form-check-'><label class='ff-el-form-check-label' for='checkbox_f39ddf56e909f1f35866c99ebe98828a'><input  type=\"checkbox\" name=\"checkbox[]\" data-name=\"checkbox\" class=\"ff-el-form-check-input ff-el-form-check-checkbox\" value=\"Courtier assurance des entreprises\"  id='checkbox_f39ddf56e909f1f35866c99ebe98828a' aria-label='Courtier assurance des entreprises' aria-invalid='false' aria-required=false> <span>Courtier assurance des entreprises<\/span><\/label><\/div><div class='ff-el-form-check ff-el-form-check-'><label class='ff-el-form-check-label' for='checkbox_6eb8cbe8b59069d064691092ead070e0'><input  type=\"checkbox\" name=\"checkbox[]\" data-name=\"checkbox\" class=\"ff-el-form-check-input ff-el-form-check-checkbox\" value=\"Adjoint(e) administratif\"  id='checkbox_6eb8cbe8b59069d064691092ead070e0' aria-label='Adjoint(e) administratif' aria-invalid='false' aria-required=false> <span>Adjoint(e) administratif<\/span><\/label><\/div><div class='ff-el-form-check ff-el-form-check-'><label class='ff-el-form-check-label' for='checkbox_38a99548a89223129d0fc42822dba82a'><input  type=\"checkbox\" name=\"checkbox[]\" data-name=\"checkbox\" class=\"ff-el-form-check-input ff-el-form-check-checkbox\" value=\"Direction\"  id='checkbox_38a99548a89223129d0fc42822dba82a' aria-label='Direction' aria-invalid='false' aria-required=false> <span>Direction<\/span><\/label><\/div><div class='ff-el-form-check ff-el-form-check-'><label class='ff-el-form-check-label' for='checkbox_e1d36b1dcb620dad01c118565e38234d'><input  type=\"checkbox\" name=\"checkbox[]\" data-name=\"checkbox\" class=\"ff-el-form-check-input ff-el-form-check-checkbox\" value=\"Autre\"  id='checkbox_e1d36b1dcb620dad01c118565e38234d' aria-label='Autre' aria-invalid='false' aria-required=false> <span>Autre<\/span><\/label><\/div><\/div><\/div><div class='step-nav ff_step_nav_last'><button style='float: left;'  type='button' data-action='prev' class='ff-btn ff-btn-prev ff-btn-secondary' aria-label='Pr\u00e9c\u00e9dent'>Pr\u00e9c\u00e9dent<\/button><button style='float: right;'  type='button' data-action='next' class='ff-float-right ff-btn ff-btn-next ff-btn-secondary' aria-label='Suivant'>Suivant<\/button><\/div><\/div><div style='display: none;' class=\" fluentform-step\" data-name=\"form_step-39_1\" ><div class=\"ff-name-address-wrapper fluent-address\" data-type=\"address-element\" data-name=\"address_1\" ><div class='ff-el-input--label'><label aria-label=\"Adresse\">Adresse<\/label><\/div><div class='ff-el-input--content'><div class='ff-t-container'><div class='ff-t-cell'><div class='ff-el-group'><div class=\"ff-el-input--label asterisk-right\"><label for='ff_39_address_1_address_line_1_' id='label_ff_39_address_1_address_line_1_' aria-label=\"Adresse ligne 1\">Adresse ligne 1<\/label><\/div><div class='ff-el-input--content'><input type=\"text\" name=\"address_1[address_line_1]\" id=\"ff_39_address_1_address_line_1_\" class=\"ff-el-form-control\" placeholder=\"Adresse ligne 1\" data-key_name=\"address_line_1\"  aria-invalid=\"false\" aria-required=false><\/div><\/div><\/div><div class='ff-t-cell'><div class='ff-el-group'><div class=\"ff-el-input--label asterisk-right\"><label for='ff_39_address_1_address_line_2_' id='label_ff_39_address_1_address_line_2_' aria-label=\"Adresse ligne 2\">Adresse ligne 2<\/label><\/div><div class='ff-el-input--content'><input type=\"text\" name=\"address_1[address_line_2]\" id=\"ff_39_address_1_address_line_2_\" class=\"ff-el-form-control\" placeholder=\"Adresse ligne 2\" data-key_name=\"address_line_2\"  aria-invalid=\"false\" aria-required=false><\/div><\/div><\/div><\/div><div class='ff-t-container'><div class='ff-t-cell'><div class='ff-el-group'><div class=\"ff-el-input--label asterisk-right\"><label for='ff_39_address_1_city_' id='label_ff_39_address_1_city_' aria-label=\"Ville\">Ville<\/label><\/div><div class='ff-el-input--content'><input type=\"text\" name=\"address_1[city]\" id=\"ff_39_address_1_city_\" class=\"ff-el-form-control\" placeholder=\"Ville\" data-key_name=\"city\"  aria-invalid=\"false\" aria-required=false><\/div><\/div><\/div><div class='ff-t-cell'><div class='ff-el-group'><div class=\"ff-el-input--label asterisk-right\"><label for='ff_39_address_1_zip_' id='label_ff_39_address_1_zip_' aria-label=\"Code postal\">Code postal<\/label><\/div><div class='ff-el-input--content'><input type=\"text\" name=\"address_1[zip]\" id=\"ff_39_address_1_zip_\" class=\"ff-el-form-control\" placeholder=\"Code Postal\" data-key_name=\"zip\"  aria-invalid=\"false\" aria-required=false><\/div><\/div><\/div><\/div><\/div><\/div><div data-name=\"ff_cn_id_1\"  class='ff-t-container ff-column-container ff_columns_total_2 '><div class='ff-t-cell ff-t-column-1' style='flex-basis: 50%;'><div class='ff-el-group'><div class=\"ff-el-input--label asterisk-right\"><label for='ff_39_phone' id='label_ff_39_phone' aria-label=\"T\u00e9l\u00e9phone\/mobile\">T\u00e9l\u00e9phone\/mobile<\/label><\/div><div class='ff-el-input--content'><input name=\"phone\" class=\"ff-el-form-control ff-el-phone\" type=\"tel\" placeholder=\"Num\u00e9ro de t\u00e9l\u00e9phone\" data-name=\"phone\" id=\"ff_39_phone\" inputmode=\"tel\"  aria-invalid='false' aria-required=false><\/div><\/div><\/div><div class='ff-t-cell ff-t-column-2' style='flex-basis: 50%;'><div class='ff-el-group'><div class=\"ff-el-input--label asterisk-right\"><label for='ff_39_email' id='label_ff_39_email' aria-label=\"Courriel\">Courriel<\/label><\/div><div class='ff-el-input--content'><input type=\"email\" name=\"email\" id=\"ff_39_email\" class=\"ff-el-form-control\" placeholder=\"Email\" data-name=\"email\"  aria-invalid=\"false\" aria-required=false><\/div><\/div><\/div><\/div><div class='step-nav ff_step_nav_last'><button style='float: left;'  type='button' data-action='prev' class='ff-btn ff-btn-prev ff-btn-secondary' aria-label='Pr\u00e9c\u00e9dent'>Pr\u00e9c\u00e9dent<\/button><button style='float: right;'  type='button' data-action='next' class='ff-float-right ff-btn ff-btn-next ff-btn-secondary' aria-label='Suivant'>Suivant<\/button><\/div><\/div><div style='display: none;' class=\" fluentform-step\" data-name=\"form_step-39_2\" ><div class='ff-el-group'><div class=\"ff-el-input--label asterisk-right\"><label for='ff_39_input_text_1' id='label_ff_39_input_text_1' aria-label=\"Salaire demand\u00e9\">Salaire demand\u00e9<\/label><\/div><div class='ff-el-input--content'><input type=\"text\" name=\"input_text_1\" class=\"ff-el-form-control\" placeholder=\"$\/heure\" data-name=\"input_text_1\" id=\"ff_39_input_text_1\"  aria-invalid=\"false\" aria-required=false><\/div><\/div><div class='ff-el-group ff-el-form-hide_label'><div class=\"ff-el-input--label asterisk-right\"><label   aria-label=\"Champ de Case \u00e0 cocher\">Champ de Case \u00e0 cocher<\/label><\/div><div class='ff-el-input--content'><div class='ff-el-form-check ff-el-form-check-'><label class='ff-el-form-check-label' for='checkbox_2_b7afdc477a8de7135a3d15cabce8ca08'><input  type=\"checkbox\" name=\"checkbox_2[]\" data-name=\"checkbox_2\" class=\"ff-el-form-check-input ff-el-form-check-checkbox\" value=\"J&#039;ai un permis d\u00e9livr\u00e9 par la CHAD\"  id='checkbox_2_b7afdc477a8de7135a3d15cabce8ca08' aria-label='J&#039;ai un permis d\u00e9livr\u00e9 par la CHAD' aria-invalid='false' aria-required=false> <span>J'ai un permis d\u00e9livr\u00e9 par la CHAD<\/span><\/label><\/div><div class='ff-el-form-check ff-el-form-check-'><label class='ff-el-form-check-label' for='checkbox_2_a899c013f9318ba795ec2fbad8f4c8d8'><input  type=\"checkbox\" name=\"checkbox_2[]\" data-name=\"checkbox_2\" class=\"ff-el-form-check-input ff-el-form-check-checkbox\" value=\"Pour temps plein\"  id='checkbox_2_a899c013f9318ba795ec2fbad8f4c8d8' aria-label='Pour temps plein' aria-invalid='false' aria-required=false> <span>Pour temps plein<\/span><\/label><\/div><div class='ff-el-form-check ff-el-form-check-'><label class='ff-el-form-check-label' for='checkbox_2_37bdaf2f77d392e731142062ff4f692c'><input  type=\"checkbox\" name=\"checkbox_2[]\" data-name=\"checkbox_2\" class=\"ff-el-form-check-input ff-el-form-check-checkbox\" value=\"Pour temps partiel\"  id='checkbox_2_37bdaf2f77d392e731142062ff4f692c' aria-label='Pour temps partiel' aria-invalid='false' aria-required=false> <span>Pour temps partiel<\/span><\/label><\/div><div class='ff-el-form-check ff-el-form-check-'><label class='ff-el-form-check-label' for='checkbox_2_f885be3bc5eb7a0a3f58d571b0186771'><input  type=\"checkbox\" name=\"checkbox_2[]\" data-name=\"checkbox_2\" class=\"ff-el-form-check-input ff-el-form-check-checkbox\" value=\"T\u00e9l\u00e9travail\"  id='checkbox_2_f885be3bc5eb7a0a3f58d571b0186771' aria-label='T\u00e9l\u00e9travail' aria-invalid='false' aria-required=false> <span>T\u00e9l\u00e9travail<\/span><\/label><\/div><div class='ff-el-form-check ff-el-form-check-'><label class='ff-el-form-check-label' for='checkbox_2_1f509c6d8a98977fc7657ed1c2f428ee'><input  type=\"checkbox\" name=\"checkbox_2[]\" data-name=\"checkbox_2\" class=\"ff-el-form-check-input ff-el-form-check-checkbox\" value=\"Pr\u00e9sentiel\"  id='checkbox_2_1f509c6d8a98977fc7657ed1c2f428ee' aria-label='Pr\u00e9sentiel' aria-invalid='false' aria-required=false> <span>Pr\u00e9sentiel<\/span><\/label><\/div><\/div><\/div><div class='ff-el-group'><div class=\"ff-el-input--label asterisk-right\"><label for='ff_39_file-upload_1' id='label_ff_39_file-upload_1' aria-label=\"Joindre votre curriculum vitae\">Joindre votre curriculum vitae<\/label><\/div><div class='ff-el-input--content'><label for='ff_39_file-upload_1' class='ff_file_upload_holder'><span class='ff_upload_btn ff-btn' tabindex='0'>Fichier<\/span> <input type=\"file\" name=\"file-upload\" id=\"ff_39_file-upload_1\" class=\"ff-el-form-control  ff-screen-reader-element\" data-name=\"file-upload\" multiple=\"1\"  aria-invalid='false' aria-required=false><\/label><\/div><\/div><div class='step-nav ff_step_nav_last'><button style='float: left;'  type='button' data-action='prev' class='ff-btn ff-btn-prev ff-btn-secondary' aria-label='Pr\u00e9c\u00e9dent'>Pr\u00e9c\u00e9dent<\/button><button style='float: right;'  type='button' data-action='next' class='ff-float-right ff-btn ff-btn-next ff-btn-secondary' aria-label='Suivant'>Suivant<\/button><\/div><\/div><div style='display: none;' class=\" fluentform-step\" data-name=\"form_step-39_3\" ><div data-name=\"ff_cn_id_2\"  class='ff-t-container ff-column-container ff_columns_total_2 '><div class='ff-t-cell ff-t-column-1' style='flex-basis: 50%;'><div class='ff-el-group'><div class=\"ff-el-input--label asterisk-right\"><label for='ff_39_datetime_1' id='label_ff_39_datetime_1' aria-label=\"Votre date de naissance\">Votre date de naissance<\/label><\/div><div class='ff-el-input--content'><input  aria-label='Votre date de naissance Use arrow keys to navigate dates. Press enter to select a date.'  aria-haspopup='dialog' data-type-datepicker data-format='d\/m\/Y' type=\"text\" name=\"datetime_1\" id=\"ff_39_datetime_1\" class=\"ff-el-form-control ff-el-datepicker\" data-name=\"datetime_1\"  aria-invalid='false' aria-required=false><\/div><\/div><\/div><div class='ff-t-cell ff-t-column-2' style='flex-basis: 50%;'><div class='ff-el-group'><div class=\"ff-el-input--label asterisk-right\"><label for='ff_39_input_text_2' id='label_ff_39_input_text_2' aria-label=\"Votre occupation actuel\">Votre occupation actuel<\/label><\/div><div class='ff-el-input--content'><input type=\"text\" name=\"input_text_2\" class=\"ff-el-form-control\" data-name=\"input_text_2\" id=\"ff_39_input_text_2\"  aria-invalid=\"false\" aria-required=false><\/div><\/div><\/div><\/div><div class='ff-el-group'><div class=\"ff-el-input--label asterisk-right\"><label   aria-label=\"Par la pr\u00e9sente, j&#039;autorise Assur360, \u00e0 communiquer avec les personnes nomm\u00e9es dans mon C.V. notamment, afin d&#039;obtenir des \u00e9valuations de mon rendement et des opinions sur mon travail \u00e0 chacun de ces endroits. Par ailleurs, en remplissant le formulaire, vous consentez \u00e0 ce que nous utilisions, communiquions ou partagions \u00e0 l\u2019interne et \u00e0 l\u2019externe (notamment \u00e0 des cabinets partenaires et\/ou assureurs) et que nous conservions ces informations.\">Par la pr\u00e9sente, j'autorise Assur360, \u00e0 communiquer avec les personnes nomm\u00e9es dans mon C.V. notamment, afin d'obtenir des \u00e9valuations de mon rendement et des opinions sur mon travail \u00e0 chacun de ces endroits. Par ailleurs, en remplissant le formulaire, vous consentez \u00e0 ce que nous utilisions, communiquions ou partagions \u00e0 l\u2019interne et \u00e0 l\u2019externe (notamment \u00e0 des cabinets partenaires et\/ou assureurs) et que nous conservions ces informations.<\/label><\/div><div class='ff-el-input--content'><div class='ff-el-form-check ff-el-form-check-'><label class='ff-el-form-check-label' for='checkbox_1_05a7c848301d619eb80afd9e8d34ce22'><input  type=\"checkbox\" name=\"checkbox_1[]\" data-name=\"checkbox_1\" class=\"ff-el-form-check-input ff-el-form-check-checkbox\" value=\"J&#039;accepte\"  id='checkbox_1_05a7c848301d619eb80afd9e8d34ce22' aria-label='J&#039;accepte' aria-invalid='false' aria-required=false> <span>J'accepte<\/span><\/label><\/div><\/div><\/div><div class='ff-el-group'><div class=\"ff-el-input--label asterisk-right\"><label   aria-label=\"Je d\u00e9sire m&#039;abonner \u00e0 l&#039;infolettre d&#039;Assur360 pour ses concours, promotions et informations\">Je d\u00e9sire m'abonner \u00e0 l'infolettre d'Assur360 pour ses concours, promotions et informations<\/label><\/div><div class='ff-el-input--content'><div class='ff-el-form-check ff-el-form-check-'><label class='ff-el-form-check-label' for='input_radio_1_96df2d85b3fe5ac0cf068793ca048d5c'><input  type=\"radio\" name=\"input_radio_1\" data-name=\"input_radio_1\" class=\"ff-el-form-check-input ff-el-form-check-radio\" value=\"Oui\"  id='input_radio_1_96df2d85b3fe5ac0cf068793ca048d5c' aria-label='Oui' aria-invalid='false' aria-required=false> <span>Oui<\/span><\/label><\/div><\/div><\/div><div class='ff-el-group'><div class=\"ff-el-input--label asterisk-right\"><label for='ff_39_description' id='label_ff_39_description' aria-label=\"Informations additionnels\">Informations additionnels<\/label><\/div><div class='ff-el-input--content'><textarea aria-required=\"false\" aria-labelledby=\"label_ff_39_description\" name=\"description\" id=\"ff_39_description\" class=\"ff-el-form-control\" rows=\"3\" cols=\"2\" data-name=\"description\" ><\/textarea><\/div><\/div>        <div class=\"ff-step-t-container ff-inner_submit_container ff-column-container ff_columns_total_2\">\n            <div class=\"ff-t-cell ff-t-column-1\"><div class='step-nav ff_step_nav_last'><button style='float: left;'  type='button' data-action='prev' class='ff-btn ff-btn-prev ff-btn-secondary' aria-label='Previous'>Previous<\/button><\/div><\/div>\n            <div class=\"ff-t-cell ff-t-column-2\">\n                <div class='ff-el-group ff-text-left ff_submit_btn_wrapper'><button type=\"submit\" class=\"ff-btn ff-btn-submit ff-btn-md ff_btn_style\"  aria-label=\"Soumettre la demande\">Soumettre la demande<\/button><\/div>            <\/div>\n        <\/div>\n        <\/div><\/div><\/div>\n        <\/fieldset><\/form><div id='fluentform_39_errors' class='ff-errors-in-stack ff_form_instance_39_1 ff-form-loading_errors ff_form_instance_39_1_errors'><\/div><\/div>            <script type=\"text\/javascript\">\n                window.fluent_form_ff_form_instance_39_1 = {\"id\":\"39\",\"ajaxUrl\":\"https:\\\/\\\/www.assur360.ca\\\/wp-admin\\\/admin-ajax.php\",\"settings\":{\"layout\":{\"labelPlacement\":\"top\",\"helpMessagePlacement\":\"with_label\",\"errorMessagePlacement\":\"inline\",\"cssClassName\":\"\",\"asteriskPlacement\":\"asterisk-right\"},\"restrictions\":{\"denyEmptySubmission\":{\"enabled\":false}}},\"form_instance\":\"ff_form_instance_39_1\",\"form_id_selector\":\"fluentform_39\",\"rules\":{\"names[first_name]\":{\"required\":{\"value\":false,\"message\":\"Ce champ est obligatoire\"}},\"names[middle_name]\":{\"required\":{\"value\":false,\"message\":\"Ce champ est obligatoire\"}},\"names[last_name]\":{\"required\":{\"value\":false,\"message\":\"Ce champ est obligatoire\"}},\"checkbox\":{\"required\":{\"value\":false,\"message\":\"Ce champ est obligatoire\"}},\"address_1[address_line_1]\":{\"required\":{\"value\":false,\"message\":\"Ce champ est obligatoire\"}},\"address_1[address_line_2]\":{\"required\":{\"value\":false,\"message\":\"Ce champ est obligatoire\"}},\"address_1[city]\":{\"required\":{\"value\":false,\"message\":\"Ce champ est obligatoire\"}},\"address_1[state]\":{\"required\":{\"value\":false,\"message\":\"Ce champ est obligatoire\"}},\"address_1[zip]\":{\"required\":{\"value\":false,\"message\":\"Ce champ est obligatoire\"}},\"address_1[country]\":{\"required\":{\"value\":false,\"message\":\"Ce champ est obligatoire\"}},\"phone\":{\"required\":{\"value\":false,\"message\":\"Ce champ est requis\"},\"valid_phone_number\":{\"value\":false,\"message\":\"Le num\\u00e9ro de t\\u00e9l\\u00e9phone n'est pas valide\"}},\"email\":{\"required\":{\"value\":false,\"message\":\"Ce champ est obligatoire\"},\"email\":{\"value\":true,\"message\":\"Ce champ doit contenir un e-mail valide\"}},\"input_text_1\":{\"required\":{\"value\":false,\"message\":\"Ce champ est obligatoire\"}},\"checkbox_2\":{\"required\":{\"value\":false,\"message\":\"Ce champ est obligatoire\"}},\"file-upload\":{\"required\":{\"value\":false,\"message\":\"This field is required\"},\"max_file_size\":{\"value\":1048576,\"_valueFrom\":\"MB\",\"message\":\"Maximum file size limit is 1MB\"},\"max_file_count\":{\"value\":1,\"message\":\"You can upload maximum 1 file\"},\"allowed_file_types\":{\"value\":[],\"message\":\"Invalid file type\"}},\"datetime_1\":{\"required\":{\"value\":false,\"message\":\"Ce champ est obligatoire\"}},\"input_text_2\":{\"required\":{\"value\":false,\"message\":\"Ce champ est obligatoire\"}},\"checkbox_1\":{\"required\":{\"value\":false,\"message\":\"Ce champ est obligatoire\"}},\"input_radio_1\":{\"required\":{\"value\":false,\"message\":\"Ce champ est obligatoire\"}},\"description\":{\"required\":{\"value\":false,\"message\":\"Ce champ est obligatoire\"}}},\"debounce_time\":300};\n                            <\/script>\n            \n\n<div style=\"height:230px\" aria-hidden=\"true\" class=\"wp-block-spacer\"><\/div>\n","protected":false},"excerpt":{"rendered":"","protected":false},"author":1,"featured_media":35052,"parent":0,"menu_order":0,"comment_status":"closed","ping_status":"closed","template":"","meta":{"_seopress_robots_primary_cat":"","_seopress_titles_title":"%%post_title%%","_seopress_titles_desc":"Discover the best job offers in the insurance field in Quebec. Apply online and launch your career today. ","_seopress_robots_index":"yes","site-sidebar-layout":"default","site-content-layout":"","ast-site-content-layout":"default","site-content-style":"default","site-sidebar-style":"default","ast-global-header-display":"","ast-banner-title-visibility":"","ast-main-header-display":"","ast-hfb-above-header-display":"","ast-hfb-below-header-display":"","ast-hfb-mobile-header-display":"","site-post-title":"","ast-breadcrumbs-content":"","ast-featured-img":"","footer-sml-layout":"","ast-disable-related-posts":"","theme-transparent-header-meta":"","adv-header-id-meta":"","stick-header-meta":"","header-above-stick-meta":"","header-main-stick-meta":"","header-below-stick-meta":"","astra-migrate-meta-layouts":"default","ast-page-background-enabled":"default","ast-page-background-meta":{"desktop":{"background-color":"var(--ast-global-color-4)","background-image":"","background-repeat":"repeat","background-position":"center center","background-size":"auto","background-attachment":"scroll","background-type":"","background-media":"","overlay-type":"","overlay-color":"","overlay-opacity":"","overlay-gradient":""},"tablet":{"background-color":"","background-image":"","background-repeat":"repeat","background-position":"center center","background-size":"auto","background-attachment":"scroll","background-type":"","background-media":"","overlay-type":"","overlay-color":"","overlay-opacity":"","overlay-gradient":""},"mobile":{"background-color":"","background-image":"","background-repeat":"repeat","background-position":"center center","background-size":"auto","background-attachment":"scroll","background-type":"","background-media":"","overlay-type":"","overlay-color":"","overlay-opacity":"","overlay-gradient":""}},"ast-content-background-meta":{"desktop":{"background-color":"var(--ast-global-color-5)","background-image":"","background-repeat":"repeat","background-position":"center center","background-size":"auto","background-attachment":"scroll","background-type":"","background-media":"","overlay-type":"","overlay-color":"","overlay-opacity":"","overlay-gradient":""},"tablet":{"background-color":"var(--ast-global-color-5)","background-image":"","background-repeat":"repeat","background-position":"center center","background-size":"auto","background-attachment":"scroll","background-type":"","background-media":"","overlay-type":"","overlay-color":"","overlay-opacity":"","overlay-gradient":""},"mobile":{"background-color":"var(--ast-global-color-5)","background-image":"","background-repeat":"repeat","background-position":"center center","background-size":"auto","background-attachment":"scroll","background-type":"","background-media":"","overlay-type":"","overlay-color":"","overlay-opacity":"","overlay-gradient":""}},"yasr_overall_rating":0,"yasr_post_is_review":"","yasr_auto_insert_disabled":"","yasr_review_type":"","yasr_pro_reviews_in_comment_enabled":0,"footnotes":""},"class_list":["post-17187","page","type-page","status-publish","has-post-thumbnail","hentry"],"yasr_visitor_votes":{"stars_attributes":{"read_only":false,"span_bottom":false},"number_of_votes":0,"sum_votes":0},"_links":{"self":[{"href":"https:\/\/www.assur360.ca\/en\/wp-json\/wp\/v2\/pages\/17187","targetHints":{"allow":["GET"]}}],"collection":[{"href":"https:\/\/www.assur360.ca\/en\/wp-json\/wp\/v2\/pages"}],"about":[{"href":"https:\/\/www.assur360.ca\/en\/wp-json\/wp\/v2\/types\/page"}],"author":[{"embeddable":true,"href":"https:\/\/www.assur360.ca\/en\/wp-json\/wp\/v2\/users\/1"}],"replies":[{"embeddable":true,"href":"https:\/\/www.assur360.ca\/en\/wp-json\/wp\/v2\/comments?post=17187"}],"version-history":[{"count":1,"href":"https:\/\/www.assur360.ca\/en\/wp-json\/wp\/v2\/pages\/17187\/revisions"}],"predecessor-version":[{"id":43119,"href":"https:\/\/www.assur360.ca\/en\/wp-json\/wp\/v2\/pages\/17187\/revisions\/43119"}],"wp:featuredmedia":[{"embeddable":true,"href":"https:\/\/www.assur360.ca\/en\/wp-json\/wp\/v2\/media\/35052"}],"wp:attachment":[{"href":"https:\/\/www.assur360.ca\/en\/wp-json\/wp\/v2\/media?parent=17187"}],"curies":[{"name":"wp","href":"https:\/\/api.w.org\/{rel}","templated":true}]}}