{"id":15642,"date":"2023-04-27T21:28:41","date_gmt":"2023-04-28T01:28:41","guid":{"rendered":"https:\/\/www.assur360.ca\/assure360-insurance\/"},"modified":"2026-04-19T21:09:07","modified_gmt":"2026-04-20T01:09:07","slug":"assure360-insurance","status":"publish","type":"page","link":"https:\/\/www.assur360.ca\/en\/assure360-insurance\/","title":{"rendered":"Assure360 Insurance"},"content":{"rendered":"\n<div style=\"height:20px\" aria-hidden=\"true\" class=\"wp-block-spacer\"><\/div>\n\n<div id=\"ez-toc-container\" class=\"ez-toc-v2_0_82_2 ez-toc-wrap-center counter-hierarchy ez-toc-counter ez-toc-custom ez-toc-container-direction\">\n<div class=\"ez-toc-title-container\">\n<p class=\"ez-toc-title\" style=\"cursor:inherit\">sommaire interactif<\/p>\n<span class=\"ez-toc-title-toggle\"><a href=\"#\" class=\"ez-toc-pull-right ez-toc-btn ez-toc-btn-xs ez-toc-btn-default ez-toc-toggle\" aria-label=\"Toggle Table of Content\"><span class=\"ez-toc-js-icon-con\"><span class=\"\"><span class=\"eztoc-hide\" style=\"display:none;\">Toggle<\/span><span class=\"ez-toc-icon-toggle-span\"><svg style=\"fill: #5b5b5b;color:#5b5b5b\" xmlns=\"http:\/\/www.w3.org\/2000\/svg\" class=\"list-377408\" width=\"20px\" height=\"20px\" viewBox=\"0 0 24 24\" fill=\"none\"><path d=\"M6 6H4v2h2V6zm14 0H8v2h12V6zM4 11h2v2H4v-2zm16 0H8v2h12v-2zM4 16h2v2H4v-2zm16 0H8v2h12v-2z\" fill=\"currentColor\"><\/path><\/svg><svg style=\"fill: #5b5b5b;color:#5b5b5b\" class=\"arrow-unsorted-368013\" xmlns=\"http:\/\/www.w3.org\/2000\/svg\" width=\"10px\" height=\"10px\" viewBox=\"0 0 24 24\" version=\"1.2\" baseProfile=\"tiny\"><path d=\"M18.2 9.3l-6.2-6.3-6.2 6.3c-.2.2-.3.4-.3.7s.1.5.3.7c.2.2.4.3.7.3h11c.3 0 .5-.1.7-.3.2-.2.3-.5.3-.7s-.1-.5-.3-.7zM5.8 14.7l6.2 6.3 6.2-6.3c.2-.2.3-.5.3-.7s-.1-.5-.3-.7c-.2-.2-.4-.3-.7-.3h-11c-.3 0-.5.1-.7.3-.2.2-.3.5-.3.7s.1.5.3.7z\"\/><\/svg><\/span><\/span><\/span><\/a><\/span><\/div>\n<nav><ul class='ez-toc-list ez-toc-list-level-1 eztoc-toggle-hide-by-default' ><li class='ez-toc-page-1 ez-toc-heading-level-2'><a class=\"ez-toc-link ez-toc-heading-1\" href=\"https:\/\/www.assur360.ca\/en\/assure360-insurance\/#Property-and-casualty-insurance-Protect-your-property-and-your-future\" >Property and casualty insurance: Protect your property and your future<\/a><\/li><li class='ez-toc-page-1 ez-toc-heading-level-2'><a class=\"ez-toc-link ez-toc-heading-2\" href=\"https:\/\/www.assur360.ca\/en\/assure360-insurance\/#360%C2%B0-Insurance\" >360\u00b0 Insurance<\/a><\/li><li class='ez-toc-page-1 ez-toc-heading-level-2'><a class=\"ez-toc-link ez-toc-heading-3\" href=\"https:\/\/www.assur360.ca\/en\/assure360-insurance\/#Frequently-Asked-Questions\" >Frequently Asked Questions<\/a><\/li><\/ul><\/nav><\/div>\n<h2 class=\"wp-block-heading\"><span class=\"ez-toc-section\" id=\"Property-and-casualty-insurance-Protect-your-property-and-your-future\"><\/span>Property and casualty insurance: Protect your property and your future<span class=\"ez-toc-section-end\"><\/span><\/h2>\n\n<p>Assur360 is the most capable insurance comparison site in Quebec, offering an easy-to-use online platform that allows consumers to quickly compare rates and coverage options from leading insurance companies in Quebec.<\/p>\n\n<p>Our platform is designed to save you time and money by allowing you to compare insurance offers in just a few clicks. We work with the best insurance companies in Quebec to offer you a wide range of insurance products, including auto, home, life, and health insurance. <\/p>\n\n<h2 class=\"wp-block-heading\"><span class=\"ez-toc-section\" id=\"360%C2%B0-Insurance\"><\/span>360\u00b0 Insurance<span class=\"ez-toc-section-end\"><\/span><\/h2>\n\n<p>By using our platform, you can compare insurance offers in real-time and find the coverage that best suits your needs and budget. In addition, our team of <a href=\"https:\/\/www.assur360.ca\/en\/insurance-for-construction-contractors\/\">insurance experts is available to<\/a> help answer any questions you may have and guide you through the insurance comparison and purchase process. <\/p>\n\n<p>Assur360 is your trusted partner <a href=\"https:\/\/www.assur360.ca\/en\/insurance-for-construction-contractors\/\">for all your insurance needs<\/a>. Try our platform now and find out how <a href=\"https:\/\/www.assur360.ca\/en\/vacant-home-insurance-get-a-quote\/\">we can help you<\/a> save on your insurance premiums while getting optimal coverage. <\/p>\n\n<h2 class=\"wp-block-heading\"><span class=\"ez-toc-section\" id=\"Frequently-Asked-Questions\"><\/span>Frequently Asked Questions<span class=\"ez-toc-section-end\"><\/span><\/h2>\n\n<details id=\"comment-obtenir-une-soumission-dx27assur360\" class=\"wp-block-details is-layout-flow wp-block-details-is-layout-flow\"><summary><strong>Comment obtenir une soumission d&#x27;Assur360 ?<\/strong><\/summary>\n\n<p>Simply go to the Assur360 website and fill out the <a href=\"https:\/\/www.assur360.ca\/en\/request-a-vr-quote-2\/\" title=\"Request a VR quote\">quote request form<\/a>. The process is quick, easy, and completely online. <\/p>\n\n<\/details>\n\n<details id=\"quelle-est-la-difference-entre-un-courtier-comme-assur360-et\" class=\"wp-block-details is-layout-flow wp-block-details-is-layout-flow\"><summary><strong>Quelle est la diff\u00e9rence entre un courtier comme Assur360 et une compagnie d&#x27;assurance ?<\/strong><\/summary>\n\n<p>A broker, like <strong>360 Insurance<\/strong>, works for you, not <a href=\"https:\/\/www.assur360.ca\/en\/blog\/home-insurance-in-quebec-2\/home-insurance-company\/\" title=\"Home Insurance Company\">an insurance company<\/a>. This means that they look for the best deal on the market according to your specific needs, instead of only offering you products from a single company. <\/p>\n\n<\/details>\n\n<details id=\"assure360-est-il-disponible-partout-au-quebec\" class=\"wp-block-details is-layout-flow wp-block-details-is-layout-flow\"><summary><strong>Is Assure360 available everywhere in Quebec?<\/strong><\/summary>\n\n<p>Yes, Assur360 serves the entire province of Quebec, offering its services to all residents looking for damage insurance.<\/p>\n\n<\/details>\n\n<script type=\"application\/ld+json\">{\n  \"@context\": \"https:\/\/schema.org\",\n  \"@type\": \"FAQPage\",\n  \"mainEntity\": [\n    {\n      \"@type\": \"Question\",\n      \"name\": \"Comment obtenir une soumission d'Assur360 ?\",\n      \"acceptedAnswer\": {\n        \"@type\": \"Answer\",\n        \"text\": \"Rendez-vous simplement sur le site d'Assur360 et remplissez le formulaire de demande de soumission. Le processus est rapide, facile et enti\u00e8rement en ligne.\"\n      }\n    },\n    {\n      \"@type\": \"Question\",\n      \"name\": \"Quelle est la diff\u00e9rence entre un courtier comme Assur360 et une compagnie d'assurance ?\",\n      \"acceptedAnswer\": {\n        \"@type\": \"Answer\",\n        \"text\": \"Un courtier, comme Assurance 360, travaille pour vous et non pour une compagnie d'assurance. Cela signifie qu'il cherche la meilleure offre sur le march\u00e9 selon vos besoins sp\u00e9cifiques, au lieu de vous proposer uniquement les produits d'une seule compagnie.\"\n      }\n    },\n    {\n      \"@type\": \"Question\",\n      \"name\": \"Assure360 est-il disponible partout au Qu\u00e9bec ?\",\n      \"acceptedAnswer\": {\n        \"@type\": \"Answer\",\n        \"text\": \"Oui, Assur360 dessert toute la province du Qu\u00e9bec, offrant ses services \u00e0 tous les r\u00e9sidents \u00e0 la recherche d'une assurance de dommages.\"\n      }\n    }\n  ]\n}\n<\/script>\n","protected":false},"excerpt":{"rendered":"<p>Property and casualty insurance: Protect your property and your future Assur360 is the most capable insurance comparison site in Quebec, offering an [&hellip;]<\/p>\n","protected":false},"author":1,"featured_media":35052,"parent":0,"menu_order":0,"comment_status":"closed","ping_status":"closed","template":"","meta":{"_seopress_robots_primary_cat":"","_seopress_titles_title":"Assure360 Insurance | Assur360","_seopress_titles_desc":"Assur360, your damage insurance broker in Quebec, offers personalized solutions and exceptional customer service. Online Quote. ","_seopress_robots_index":"yes","site-sidebar-layout":"default","site-content-layout":"","ast-site-content-layout":"default","site-content-style":"default","site-sidebar-style":"default","ast-global-header-display":"","ast-banner-title-visibility":"","ast-main-header-display":"","ast-hfb-above-header-display":"","ast-hfb-below-header-display":"","ast-hfb-mobile-header-display":"","site-post-title":"","ast-breadcrumbs-content":"","ast-featured-img":"","footer-sml-layout":"","ast-disable-related-posts":"","theme-transparent-header-meta":"","adv-header-id-meta":"","stick-header-meta":"","header-above-stick-meta":"","header-main-stick-meta":"","header-below-stick-meta":"","astra-migrate-meta-layouts":"default","ast-page-background-enabled":"default","ast-page-background-meta":{"desktop":{"background-color":"var(--ast-global-color-4)","background-image":"","background-repeat":"repeat","background-position":"center center","background-size":"auto","background-attachment":"scroll","background-type":"","background-media":"","overlay-type":"","overlay-color":"","overlay-opacity":"","overlay-gradient":""},"tablet":{"background-color":"","background-image":"","background-repeat":"repeat","background-position":"center center","background-size":"auto","background-attachment":"scroll","background-type":"","background-media":"","overlay-type":"","overlay-color":"","overlay-opacity":"","overlay-gradient":""},"mobile":{"background-color":"","background-image":"","background-repeat":"repeat","background-position":"center center","background-size":"auto","background-attachment":"scroll","background-type":"","background-media":"","overlay-type":"","overlay-color":"","overlay-opacity":"","overlay-gradient":""}},"ast-content-background-meta":{"desktop":{"background-color":"var(--ast-global-color-5)","background-image":"","background-repeat":"repeat","background-position":"center center","background-size":"auto","background-attachment":"scroll","background-type":"","background-media":"","overlay-type":"","overlay-color":"","overlay-opacity":"","overlay-gradient":""},"tablet":{"background-color":"var(--ast-global-color-5)","background-image":"","background-repeat":"repeat","background-position":"center center","background-size":"auto","background-attachment":"scroll","background-type":"","background-media":"","overlay-type":"","overlay-color":"","overlay-opacity":"","overlay-gradient":""},"mobile":{"background-color":"var(--ast-global-color-5)","background-image":"","background-repeat":"repeat","background-position":"center center","background-size":"auto","background-attachment":"scroll","background-type":"","background-media":"","overlay-type":"","overlay-color":"","overlay-opacity":"","overlay-gradient":""}},"yasr_overall_rating":0,"yasr_post_is_review":"","yasr_auto_insert_disabled":"","yasr_review_type":"","yasr_pro_reviews_in_comment_enabled":0,"footnotes":""},"class_list":["post-15642","page","type-page","status-publish","has-post-thumbnail","hentry"],"yasr_visitor_votes":{"stars_attributes":{"read_only":false,"span_bottom":false},"number_of_votes":1,"sum_votes":5},"_links":{"self":[{"href":"https:\/\/www.assur360.ca\/en\/wp-json\/wp\/v2\/pages\/15642","targetHints":{"allow":["GET"]}}],"collection":[{"href":"https:\/\/www.assur360.ca\/en\/wp-json\/wp\/v2\/pages"}],"about":[{"href":"https:\/\/www.assur360.ca\/en\/wp-json\/wp\/v2\/types\/page"}],"author":[{"embeddable":true,"href":"https:\/\/www.assur360.ca\/en\/wp-json\/wp\/v2\/users\/1"}],"replies":[{"embeddable":true,"href":"https:\/\/www.assur360.ca\/en\/wp-json\/wp\/v2\/comments?post=15642"}],"version-history":[{"count":11,"href":"https:\/\/www.assur360.ca\/en\/wp-json\/wp\/v2\/pages\/15642\/revisions"}],"predecessor-version":[{"id":52103,"href":"https:\/\/www.assur360.ca\/en\/wp-json\/wp\/v2\/pages\/15642\/revisions\/52103"}],"wp:featuredmedia":[{"embeddable":true,"href":"https:\/\/www.assur360.ca\/en\/wp-json\/wp\/v2\/media\/35052"}],"wp:attachment":[{"href":"https:\/\/www.assur360.ca\/en\/wp-json\/wp\/v2\/media?parent=15642"}],"curies":[{"name":"wp","href":"https:\/\/api.w.org\/{rel}","templated":true}]}}