{"id":15575,"date":"2014-11-04T21:28:25","date_gmt":"2014-11-05T02:28:25","guid":{"rendered":"https:\/\/www.assur360.ca\/financial-services-3\/"},"modified":"2026-04-10T13:42:21","modified_gmt":"2026-04-10T17:42:21","slug":"financial-services-3","status":"publish","type":"page","link":"https:\/\/www.assur360.ca\/en\/financial-services-3\/","title":{"rendered":"Financial Services"},"content":{"rendered":"\n<div style=\"background:linear-gradient(135deg,#0d1f2d,#1a3a4a);border-radius:16px;padding:40px 36px;margin:32px auto;box-shadow:0 10px 30px rgba(13,31,45,0.18);max-width:100%;\">\n  <div style=\"display:flex;gap:32px;align-items:center;justify-content:center;flex-wrap:wrap;\">\n    <div style=\"flex:1 1 380px;min-width:280px;text-align:left;\">\n      <p style=\"color:#10c4c7;font-size:13px;font-weight:700;text-transform:uppercase;letter-spacing:3px;margin:0 0 10px;\">LIFE INSURANCE<\/p>\n      <p style=\"color:#ffffff;font-size:28px;font-weight:800;margin:0 0 12px;line-height:1.25;font-family:inherit;\">Life insurance in Quebec<\/p>\n      <p style=\"color:#94a3b8;font-size:16px;line-height:1.6;margin:0 0 22px;\">Secure the financial future of your loved ones with the right coverage.<\/p>\n      <div style=\"display:flex;gap:10px;flex-wrap:wrap;\">\n        <a href=\"https:\/\/www.assur360.ca\/en\/quick-quote-life-insurance\/\" style=\"background:#10c4c7;color:#0d1f2d;padding:14px 26px;border-radius:8px;font-weight:700;text-decoration:none;font-size:15px;display:inline-block;\">Life<\/a>\n insurance quote<a href=\"tel:+18663574451\" style=\"background:transparent;color:#ffffff;padding:14px 26px;border-radius:8px;font-weight:700;text-decoration:none;font-size:15px;display:inline-block;border:2px solid #ffffff;\">\ud83d\udcde 1-866-357-4451<\/a>        \n      <\/div>\n    <\/div>\n    <div style=\"flex:0 0 240px;text-align:center;\"><img decoding=\"async\" src=\"https:\/\/spcdn.shortpixel.ai\/spio\/ret_img,q_cdnize,to_auto,s_webp:avif\/www.assur360.ca\/wp-content\/uploads\/2025\/02\/courtier-assurance-vie-en-ligne.png\" alt=\"Orso, online life insurance broker\" style=\"max-width:240px;width:100%;height:auto;display:block;margin:0 auto;filter:drop-shadow(0 6px 16px rgba(16,196,199,0.3));\" loading=\"lazy\"\/><\/div>\n  <\/div>\n<\/div>\n\n<figure class=\"wp-block-image\"><a href=\"https:\/\/www.assur360.ca\/en\/critical-illness-insurance-4\/\"><img decoding=\"async\" src=\"https:\/\/spcdn.shortpixel.ai\/spio\/ret_img,q_cdnize,to_auto,s_webp:avif\/www.assur360.ca\/wp-content\/uploads\/2017\/11\/maladies-grave-assurance.jpg\" alt=\"Critical illness\" title=\"Critical illness-insurance | Assur360\"\/><\/a><\/figure>\n\n<figure class=\"wp-block-image\"><a href=\"https:\/\/www.assur360.ca\/en\/life-insurance-compare-online\/\"><img decoding=\"async\" src=\"https:\/\/spcdn.shortpixel.ai\/spio\/ret_img,q_cdnize,to_auto,s_webp:avif\/www.assur360.ca\/wp-content\/uploads\/2017\/11\/assurance-vie-meilleur.jpg\" alt=\"cheap life insurance\" title=\"Better-Life-Insurance | Assur360\"\/><\/a><\/figure>\n\n<figure class=\"wp-block-image\"><a href=\"https:\/\/www.assur360.ca\/en\/salary-insurance-3\/\"><img decoding=\"async\" src=\"https:\/\/spcdn.shortpixel.ai\/spio\/ret_img,q_cdnize,to_auto,s_webp:avif\/www.assur360.ca\/wp-content\/uploads\/2017\/11\/ASSURANCE-SALAIRE.jpg\" alt=\"Salary accident health insurance\" title=\"WAGE LOSS INSURANCE | Assur360\"\/><\/a><\/figure>\n\n<figure class=\"wp-block-image\"><a href=\"https:\/\/www.assur360.ca\/en\/mortgage-insurance-3\/\"><img decoding=\"async\" src=\"https:\/\/spcdn.shortpixel.ai\/spio\/ret_img,q_cdnize,to_auto,s_webp:avif\/www.assur360.ca\/wp-content\/uploads\/2017\/11\/assurance-pret-hypothecaire.jpg\" alt=\"mortgage insurance\" title=\"Mortgage Default Insurance | Assur360\"\/><\/a><\/figure>\n\n<h2 class=\"wp-block-heading\">Our Financial Services Partners<\/h2>\n\n<p>The financial services industry is vast, here&#8217;s a look at life insurance products. Each customer is unique and has specific needs. That&#8217;s why we are committed to referring you to external advisors for a unique and personalized service to find the right product for your situation.  <\/p>\n\n<figure class=\"wp-block-image\"><img decoding=\"async\" src=\"https:\/\/spcdn.shortpixel.ai\/spio\/ret_img,q_cdnize,to_auto,s_webp:avif\/www.assur360.ca\/wp-content\/uploads\/2018\/04\/soumission-assurance-vie.jpg\" alt=\"Financial Services Thetford\" title=\"Life Insurance Quote\"\/><\/figure>\n\n<h2 class=\"wp-block-heading\">Frequently asked questions<\/h2>\n\n<details id=\"comment-obtenir-une-soumission-dassurance-gratuite-au-quebec\" class=\"wp-block-details is-layout-flow wp-block-details-is-layout-flow\"><summary><strong>Comment obtenir une soumission d&#x27;assurance gratuite au Qu\u00e9bec ?<\/strong><\/summary>\n<p>With Assur360, get free quotes in minutes. Fill out our online form and receive comparative offers from several Quebec insurers. It&#8217;s fast, free and without obligation.  <\/p>\n<\/details>\n\n<details id=\"pourquoi-comparer-les-assurances-avec-un-courtier\" class=\"wp-block-details is-layout-flow wp-block-details-is-layout-flow\"><summary><strong>Why compare insurance with a broker?<\/strong><\/summary>\n<p>A broker compares the offers of several insurers to find you the best coverage at the best price. His services are free of charge and he accompanies you in the event of a complaint. It&#8217;s the easiest way to save on your insurance.  <\/p>\n<\/details>\n\n<details id=\"quels-types-dassurance-peut-on-comparer-avec-assur360\" class=\"wp-block-details is-layout-flow wp-block-details-is-layout-flow\"><summary><strong>Quels types d&#x27;assurance peut-on comparer avec Assur360 ?<\/strong><\/summary>\n<p>Assur360 allows you to compare car, home, business, boat, motorcycle, snowmobile, quad, RV and much more insurance. <a href=\"\/\">Visit our homepage<\/a> to discover all our insurance products.<\/p>\n<\/details>\n\n<script type=\"application\/ld+json\">{\n  \"@context\": \"https:\/\/schema.org\",\n  \"@type\": \"FAQPage\",\n  \"mainEntity\": [\n    {\n      \"@type\": \"Question\",\n      \"name\": \"Comment obtenir une soumission d'assurance gratuite au Qu\u00e9bec ?\",\n      \"acceptedAnswer\": {\n        \"@type\": \"Answer\",\n        \"text\": \"Avec Assur360, obtenez des soumissions gratuites en quelques minutes. Remplissez notre formulaire en ligne et recevez des offres comparatives de plusieurs assureurs qu\u00e9b\u00e9cois. C'est rapide, gratuit et sans engagement.\"\n      }\n    },\n    {\n      \"@type\": \"Question\",\n      \"name\": \"Pourquoi comparer les assurances avec un courtier ?\",\n      \"acceptedAnswer\": {\n        \"@type\": \"Answer\",\n        \"text\": \"Un courtier compare les offres de plusieurs assureurs pour vous trouver la meilleure couverture au meilleur prix. Ses services sont gratuits et il vous accompagne en cas de r\u00e9clamation. C'est la fa\u00e7on la plus simple d'\u00e9conomiser sur vos assurances.\"\n      }\n    },\n    {\n      \"@type\": \"Question\",\n      \"name\": \"Quels types d'assurance peut-on comparer avec Assur360 ?\",\n      \"acceptedAnswer\": {\n        \"@type\": \"Answer\",\n        \"text\": \"Assur360 permet de comparer l'assurance auto, habitation, entreprise, bateau, moto, motoneige, quad, VR et bien plus. Visitez notre page d'accueil pour d\u00e9couvrir tous nos produits d'assurance.\"\n      }\n    }\n  ]\n}\n<\/script>\n","protected":false},"excerpt":{"rendered":"<p>Our Financial Services Partners The financial services industry is vast, here&#8217;s a look at life insurance products. Each customer is unique and [&hellip;]<\/p>\n","protected":false},"author":1,"featured_media":46312,"parent":0,"menu_order":0,"comment_status":"closed","ping_status":"open","template":"","meta":{"_seopress_robots_primary_cat":"","_seopress_titles_title":"Advanced Financial Services Quebec | Assur360","_seopress_titles_desc":"Everything you need to know to manage your personal finances in Quebec. The best solutions trending today. ","_seopress_robots_index":"","site-sidebar-layout":"default","site-content-layout":"","ast-site-content-layout":"default","site-content-style":"default","site-sidebar-style":"default","ast-global-header-display":"","ast-banner-title-visibility":"","ast-main-header-display":"","ast-hfb-above-header-display":"","ast-hfb-below-header-display":"","ast-hfb-mobile-header-display":"","site-post-title":"","ast-breadcrumbs-content":"","ast-featured-img":"","footer-sml-layout":"","ast-disable-related-posts":"","theme-transparent-header-meta":"","adv-header-id-meta":"","stick-header-meta":"","header-above-stick-meta":"","header-main-stick-meta":"","header-below-stick-meta":"","astra-migrate-meta-layouts":"default","ast-page-background-enabled":"default","ast-page-background-meta":{"desktop":{"background-color":"var(--ast-global-color-4)","background-image":"","background-repeat":"repeat","background-position":"center center","background-size":"auto","background-attachment":"scroll","background-type":"","background-media":"","overlay-type":"","overlay-color":"","overlay-opacity":"","overlay-gradient":""},"tablet":{"background-color":"","background-image":"","background-repeat":"repeat","background-position":"center center","background-size":"auto","background-attachment":"scroll","background-type":"","background-media":"","overlay-type":"","overlay-color":"","overlay-opacity":"","overlay-gradient":""},"mobile":{"background-color":"","background-image":"","background-repeat":"repeat","background-position":"center center","background-size":"auto","background-attachment":"scroll","background-type":"","background-media":"","overlay-type":"","overlay-color":"","overlay-opacity":"","overlay-gradient":""}},"ast-content-background-meta":{"desktop":{"background-color":"var(--ast-global-color-5)","background-image":"","background-repeat":"repeat","background-position":"center center","background-size":"auto","background-attachment":"scroll","background-type":"","background-media":"","overlay-type":"","overlay-color":"","overlay-opacity":"","overlay-gradient":""},"tablet":{"background-color":"var(--ast-global-color-5)","background-image":"","background-repeat":"repeat","background-position":"center center","background-size":"auto","background-attachment":"scroll","background-type":"","background-media":"","overlay-type":"","overlay-color":"","overlay-opacity":"","overlay-gradient":""},"mobile":{"background-color":"var(--ast-global-color-5)","background-image":"","background-repeat":"repeat","background-position":"center center","background-size":"auto","background-attachment":"scroll","background-type":"","background-media":"","overlay-type":"","overlay-color":"","overlay-opacity":"","overlay-gradient":""}},"yasr_overall_rating":0,"yasr_post_is_review":"","yasr_auto_insert_disabled":"","yasr_review_type":"","yasr_pro_reviews_in_comment_enabled":0,"footnotes":""},"class_list":["post-15575","page","type-page","status-publish","has-post-thumbnail","hentry"],"yasr_visitor_votes":{"stars_attributes":{"read_only":false,"span_bottom":false},"number_of_votes":0,"sum_votes":0},"_links":{"self":[{"href":"https:\/\/www.assur360.ca\/en\/wp-json\/wp\/v2\/pages\/15575","targetHints":{"allow":["GET"]}}],"collection":[{"href":"https:\/\/www.assur360.ca\/en\/wp-json\/wp\/v2\/pages"}],"about":[{"href":"https:\/\/www.assur360.ca\/en\/wp-json\/wp\/v2\/types\/page"}],"author":[{"embeddable":true,"href":"https:\/\/www.assur360.ca\/en\/wp-json\/wp\/v2\/users\/1"}],"replies":[{"embeddable":true,"href":"https:\/\/www.assur360.ca\/en\/wp-json\/wp\/v2\/comments?post=15575"}],"version-history":[{"count":4,"href":"https:\/\/www.assur360.ca\/en\/wp-json\/wp\/v2\/pages\/15575\/revisions"}],"predecessor-version":[{"id":40751,"href":"https:\/\/www.assur360.ca\/en\/wp-json\/wp\/v2\/pages\/15575\/revisions\/40751"}],"wp:featuredmedia":[{"embeddable":true,"href":"https:\/\/www.assur360.ca\/en\/wp-json\/wp\/v2\/media\/46312"}],"wp:attachment":[{"href":"https:\/\/www.assur360.ca\/en\/wp-json\/wp\/v2\/media?parent=15575"}],"curies":[{"name":"wp","href":"https:\/\/api.w.org\/{rel}","templated":true}]}}